{"id":29648,"date":"2021-02-05T09:20:14","date_gmt":"2021-02-05T08:20:14","guid":{"rendered":"https:\/\/crea-truck.ch\/dienstleistungen\/reparatur-und-wartung-der-superstruktur\/"},"modified":"2024-12-13T10:22:18","modified_gmt":"2024-12-13T09:22:18","slug":"reparatur-und-wartung-der-superstruktur","status":"publish","type":"page","link":"https:\/\/crea-truck.ch\/de\/dienstleistungen\/reparatur-und-wartung-der-superstruktur\/","title":{"rendered":"Reparatur und Wartung der Superstruktur"},"content":{"rendered":"<p>[et_pb_section fb_built=&#8220;1&#8243; admin_label=&#8220;Services Header&#8220; _builder_version=&#8220;4.16&#8243; custom_padding=&#8220;0|0px|0|0px|false|false&#8220; global_colors_info=&#8220;{}&#8220;][et_pb_row column_structure=&#8220;2_3,1_3&#8243; use_custom_gutter=&#8220;on&#8220; gutter_width=&#8220;1&#8243; padding_top_bottom_link_2=&#8220;true&#8220; padding_left_right_link_2=&#8220;true&#8220; _builder_version=&#8220;4.16&#8243; custom_margin=&#8220;0px||0px||false|false&#8220; custom_padding=&#8220;0px|0px|80px|0px|false|false&#8220; animation_style=&#8220;slide&#8220; animation_direction=&#8220;top&#8220; animation_intensity_slide=&#8220;20%&#8220; locked=&#8220;off&#8220; global_colors_info=&#8220;{}&#8220;][et_pb_column type=&#8220;2_3&#8243; _builder_version=&#8220;4.16&#8243; custom_padding=&#8220;|||&#8220; global_colors_info=&#8220;{}&#8220; custom_padding__hover=&#8220;|||&#8220;][et_pb_text module_class=&#8220;services-home&#8220; _builder_version=&#8220;4.16&#8243; text_font=&#8220;||||||||&#8220; ul_font=&#8220;||||||||&#8220; ol_font=&#8220;||||||||&#8220; quote_font=&#8220;||||||||&#8220; header_font=&#8220;|600|||||||&#8220; header_text_color=&#8220;#ffffff&#8220; header_font_size=&#8220;26px&#8220; header_letter_spacing=&#8220;1px&#8220; header_line_height=&#8220;1.2em&#8220; header_2_font=&#8220;|600|||||||&#8220; header_2_line_height=&#8220;1.2em&#8220; header_3_font=&#8220;||||||||&#8220; header_4_font=&#8220;|800||on|||||&#8220; header_4_font_size=&#8220;16px&#8220; header_4_letter_spacing=&#8220;0.5px&#8220; header_4_line_height=&#8220;1.7em&#8220; header_5_font=&#8220;||||||||&#8220; header_6_font=&#8220;||||||||&#8220; background_color=&#8220;#c01622&#8243; padding_1_last_edited=&#8220;on|desktop&#8220; custom_padding=&#8220;30px|50px|30px|50px|true|true|20px|10%|20px|10%|true|true||on|desktop&#8220; custom_padding_tablet=&#8220;&#8220; custom_padding_phone=&#8220;20px|10%|20px|10%|true|true&#8220; custom_padding_last_edited=&#8220;on|phone&#8220; header_font_size_tablet=&#8220;24px&#8220; header_font_size_phone=&#8220;21px&#8220; header_font_size_last_edited=&#8220;on|phone&#8220; header_2_font_size_tablet=&#8220;&#8220; header_2_font_size_phone=&#8220;18px&#8220; header_2_font_size_last_edited=&#8220;on|desktop&#8220; locked=&#8220;off&#8220; global_colors_info=&#8220;{}&#8220;]<\/p>\n<h1>Reparatur und Wartung der Superstruktur<\/h1>\n<p>[\/et_pb_text][\/et_pb_column][et_pb_column type=&#8220;1_3&#8243; _builder_version=&#8220;4.16&#8243; custom_padding=&#8220;50px|50px|50px|50px&#8220; custom_padding_tablet=&#8220;&#8220; custom_padding_phone=&#8220;20px|10%|20px|10%|true|true&#8220; custom_padding_last_edited=&#8220;on|phone&#8220; global_colors_info=&#8220;{}&#8220; padding_phone=&#8220;20px|10%|20px|10%|true|true&#8220; padding_last_edited=&#8220;on|phone&#8220; custom_padding__hover=&#8220;|||&#8220;][\/et_pb_column][\/et_pb_row][\/et_pb_section][et_pb_section fb_built=&#8220;1&#8243; admin_label=&#8220;Feature&#8220; module_class=&#8220;zone-service-texte&#8220; _builder_version=&#8220;4.16&#8243; custom_padding=&#8220;0px||80px|||&#8220; global_colors_info=&#8220;{}&#8220;][et_pb_row column_structure=&#8220;1_2,1_2&#8243; _builder_version=&#8220;4.27.4&#8243; custom_margin=&#8220;0px||0px||false|false&#8220; custom_padding=&#8220;0px||0px||false|false&#8220; hover_enabled=&#8220;0&#8243; global_colors_info=&#8220;{}&#8220; sticky_enabled=&#8220;0&#8243;][et_pb_column type=&#8220;1_2&#8243; _builder_version=&#8220;4.16&#8243; custom_padding=&#8220;|||&#8220; global_colors_info=&#8220;{}&#8220; custom_padding__hover=&#8220;|||&#8220;][et_pb_text _builder_version=&#8220;4.16&#8243; header_font=&#8220;||||||||&#8220; header_2_font=&#8220;|600|||||||&#8220; header_2_text_color=&#8220;#252525&#8243; header_2_letter_spacing=&#8220;1px&#8220; header_2_line_height=&#8220;1.2em&#8220; header_3_font=&#8220;|800|||||||&#8220; header_3_text_color=&#8220;#f25b3a&#8220; header_3_font_size=&#8220;24px&#8220; header_3_line_height=&#8220;1.8em&#8220; header_2_font_size_tablet=&#8220;24px&#8220; header_2_font_size_phone=&#8220;21px&#8220; header_2_font_size_last_edited=&#8220;on|phone&#8220; header_3_font_size_tablet=&#8220;&#8220; header_3_font_size_phone=&#8220;18px&#8220; header_3_font_size_last_edited=&#8220;on|phone&#8220; locked=&#8220;off&#8220; global_colors_info=&#8220;{}&#8220;]<\/p>\n<h2>Unser fachwissen<\/h2>\n<p>Eine Reparatur, eine einteilige Schwei\u00dfnaht? Ja, kein Problem &#8230; Wir sind uns bewusst, dass wir an Ihrem Arbeitsger\u00e4t arbeiten, welches nicht in einer Werkstatt, sondern unterwegs sein sollte&#8230; Wir bem\u00fchen uns, reaktionsschnell und flexibel zu sein, um Sie schnell und seri\u00f6s zu unterst\u00fctzen. In den meisten unserer Strukturen arbeiten wir mit Schweizer Lieferanten, um Ihnen einen schnellen und qualitativ hochwertigen Kundendienst zu garantieren.<\/p>\n<p>[\/et_pb_text][\/et_pb_column][et_pb_column type=&#8220;1_2&#8243; _builder_version=&#8220;4.16&#8243; custom_padding=&#8220;|||&#8220; global_colors_info=&#8220;{}&#8220; custom_padding__hover=&#8220;|||&#8220;][et_pb_image src=&#8220;https:\/\/crea-truck.ch\/wp-content\/uploads\/2021\/08\/d1349c00-6b4f-4761-9592-02c9df96a1be.jpg&#8220; title_text=&#8220;d1349c00-6b4f-4761-9592-02c9df96a1be&#8220; align_tablet=&#8220;center&#8220; align_phone=&#8220;&#8220; align_last_edited=&#8220;on|desktop&#8220; _builder_version=&#8220;4.16&#8243; custom_margin=&#8220;||0px|&#8220; global_colors_info=&#8220;{}&#8220;][\/et_pb_image][et_pb_button button_url=&#8220;@ET-DC@eyJkeW5hbWljIjp0cnVlLCJjb250ZW50IjoicG9zdF9saW5rX3VybF9wYWdlIiwic2V0dGluZ3MiOnsicG9zdF9pZCI6IjI5MDA1In19@&#8220; button_text=&#8220;Kontaktieren sie uns&#8220; button_alignment=&#8220;right&#8220; _builder_version=&#8220;4.16&#8243; _dynamic_attributes=&#8220;button_url&#8220; custom_button=&#8220;on&#8220; button_text_size=&#8220;17px&#8220; button_text_color=&#8220;#ffffff&#8220; button_bg_color=&#8220;#c01622&#8243; button_border_width=&#8220;0px&#8220; button_border_radius=&#8220;0px&#8220; button_letter_spacing=&#8220;1px&#8220; button_font=&#8220;|600||on|||||&#8220; button_use_icon=&#8220;off&#8220; custom_padding=&#8220;20px|20px|20px|20px|true|true&#8220; animation_style=&#8220;slide&#8220; animation_direction=&#8220;right&#8220; animation_delay=&#8220;100ms&#8220; button_border_radius_hover=&#8220;0px&#8220; button_letter_spacing_hover=&#8220;1px&#8220; locked=&#8220;off&#8220; global_colors_info=&#8220;{}&#8220; button_text_size__hover_enabled=&#8220;off&#8220; button_one_text_size__hover_enabled=&#8220;off&#8220; button_two_text_size__hover_enabled=&#8220;off&#8220; button_text_color__hover_enabled=&#8220;on|hover&#8220; button_one_text_color__hover_enabled=&#8220;off&#8220; button_two_text_color__hover_enabled=&#8220;off&#8220; button_border_width__hover_enabled=&#8220;off&#8220; button_one_border_width__hover_enabled=&#8220;off&#8220; button_two_border_width__hover_enabled=&#8220;off&#8220; button_border_color__hover_enabled=&#8220;off&#8220; button_one_border_color__hover_enabled=&#8220;off&#8220; button_two_border_color__hover_enabled=&#8220;off&#8220; button_border_radius__hover_enabled=&#8220;off|desktop&#8220; button_border_radius__hover=&#8220;0px&#8220; button_one_border_radius__hover_enabled=&#8220;off&#8220; button_two_border_radius__hover_enabled=&#8220;off&#8220; button_letter_spacing__hover_enabled=&#8220;off|hover&#8220; button_letter_spacing__hover=&#8220;1px&#8220; button_one_letter_spacing__hover_enabled=&#8220;off&#8220; button_two_letter_spacing__hover_enabled=&#8220;off&#8220; button_bg_color__hover_enabled=&#8220;on|hover&#8220; button_one_bg_color__hover_enabled=&#8220;off&#8220; button_two_bg_color__hover_enabled=&#8220;off&#8220; button_text_color__hover=&#8220;#252525&#8243; button_bg_color__hover=&#8220;#efefef&#8220; button_bg_enable_color__hover=&#8220;on&#8220;][\/et_pb_button][\/et_pb_column][\/et_pb_row][\/et_pb_section][et_pb_section fb_built=&#8220;1&#8243; _builder_version=&#8220;4.16&#8243; _module_preset=&#8220;default&#8220; custom_margin=&#8220;0px||0px||false|false&#8220; custom_padding=&#8220;0px||0px||false|false&#8220; global_colors_info=&#8220;{}&#8220;][et_pb_row use_custom_gutter=&#8220;on&#8220; gutter_width=&#8220;1&#8243; _builder_version=&#8220;4.16&#8243; _module_preset=&#8220;default&#8220; width=&#8220;100%&#8220; max_width=&#8220;100%&#8220; custom_margin=&#8220;0px||0px||false|false&#8220; custom_padding=&#8220;0px||0px||false|false&#8220; global_colors_info=&#8220;{}&#8220;][et_pb_column type=&#8220;4_4&#8243; _builder_version=&#8220;4.16&#8243; _module_preset=&#8220;default&#8220; global_colors_info=&#8220;{}&#8220;][et_pb_gallery gallery_ids=&#8220;30244,30246,30248,30250&#8243; posts_number=&#8220;1000&#8243; show_title_and_caption=&#8220;off&#8220; show_pagination=&#8220;off&#8220; zoom_icon_color=&#8220;#c01622&#8243; hover_overlay_color=&#8220;rgba(255,255,255,0.8)&#8220; hover_icon=&#8220;&#x54;||divi||400&#8243; _builder_version=&#8220;4.16&#8243; _module_preset=&#8220;default&#8220; global_colors_info=&#8220;{}&#8220;][\/et_pb_gallery][\/et_pb_column][\/et_pb_row][\/et_pb_section]<\/p>\n","protected":false},"excerpt":{"rendered":"<p>Reparatur und Wartung der SuperstrukturUnser fachwissenEine Reparatur, eine einteilige Schwei\u00dfnaht? Ja, kein Problem &#8230; Wir sind uns bewusst, dass wir an Ihrem Arbeitsger\u00e4t arbeiten, welches nicht in einer Werkstatt, sondern unterwegs sein sollte&#8230; Wir bem\u00fchen uns, reaktionsschnell und flexibel zu sein, um Sie schnell und seri\u00f6s zu unterst\u00fctzen. In den meisten unserer Strukturen arbeiten wir [&hellip;]<\/p>\n","protected":false},"author":1,"featured_media":0,"parent":29619,"menu_order":0,"comment_status":"closed","ping_status":"closed","template":"","meta":{"_et_pb_use_builder":"on","_et_pb_old_content":"","_et_gb_content_width":"","footnotes":""},"class_list":["post-29648","page","type-page","status-publish","hentry"],"_links":{"self":[{"href":"https:\/\/crea-truck.ch\/de\/wp-json\/wp\/v2\/pages\/29648","targetHints":{"allow":["GET"]}}],"collection":[{"href":"https:\/\/crea-truck.ch\/de\/wp-json\/wp\/v2\/pages"}],"about":[{"href":"https:\/\/crea-truck.ch\/de\/wp-json\/wp\/v2\/types\/page"}],"author":[{"embeddable":true,"href":"https:\/\/crea-truck.ch\/de\/wp-json\/wp\/v2\/users\/1"}],"replies":[{"embeddable":true,"href":"https:\/\/crea-truck.ch\/de\/wp-json\/wp\/v2\/comments?post=29648"}],"version-history":[{"count":19,"href":"https:\/\/crea-truck.ch\/de\/wp-json\/wp\/v2\/pages\/29648\/revisions"}],"predecessor-version":[{"id":31351,"href":"https:\/\/crea-truck.ch\/de\/wp-json\/wp\/v2\/pages\/29648\/revisions\/31351"}],"up":[{"embeddable":true,"href":"https:\/\/crea-truck.ch\/de\/wp-json\/wp\/v2\/pages\/29619"}],"wp:attachment":[{"href":"https:\/\/crea-truck.ch\/de\/wp-json\/wp\/v2\/media?parent=29648"}],"curies":[{"name":"wp","href":"https:\/\/api.w.org\/{rel}","templated":true}]}}