{"id":30931,"date":"2023-09-11T09:55:36","date_gmt":"2023-09-11T07:55:36","guid":{"rendered":"https:\/\/crea-truck.ch\/datenschutzrichtlinie\/"},"modified":"2023-09-11T10:05:07","modified_gmt":"2023-09-11T08:05:07","slug":"datenschutzbestimmungen","status":"publish","type":"page","link":"https:\/\/crea-truck.ch\/de\/datenschutzbestimmungen\/","title":{"rendered":"Datenschutzbestimmungen"},"content":{"rendered":"<p>[et_pb_section fb_built=&#8220;1&#8243; custom_padding_last_edited=&#8220;on|phone&#8220; admin_label=&#8220;Services Header&#8220; module_class=&#8220;politique-de-confidentialite&#8220; _builder_version=&#8220;4.22.1&#8243; custom_margin=&#8220;0px||0px||false|false&#8220; custom_padding=&#8220;0px|40px|80px|40px|false|true&#8220; custom_padding_tablet=&#8220;|20px||20px|false|true&#8220; custom_padding_phone=&#8220;|20px||20px|false|true&#8220; locked=&#8220;off&#8220; global_colors_info=&#8220;{}&#8220;][et_pb_row padding_top_bottom_link_2=&#8220;true&#8220; padding_left_right_link_2=&#8220;true&#8220; _builder_version=&#8220;4.22.1&#8243; width=&#8220;716px&#8220; width_tablet=&#8220;716px&#8220; width_phone=&#8220;716px&#8220; width_last_edited=&#8220;on|tablet&#8220; max_width=&#8220;100%&#8220; module_alignment=&#8220;center&#8220; custom_margin=&#8220;0px||0px||false|false&#8220; custom_padding=&#8220;0px|0px|55px|0px|false|false&#8220; animation_style=&#8220;slide&#8220; animation_direction=&#8220;top&#8220; animation_intensity_slide=&#8220;20%&#8220; locked=&#8220;off&#8220; global_colors_info=&#8220;{}&#8220;][et_pb_column type=&#8220;4_4&#8243; _builder_version=&#8220;4.16&#8243; custom_padding=&#8220;|||&#8220; global_colors_info=&#8220;{}&#8220; custom_padding__hover=&#8220;|||&#8220;][et_pb_text _builder_version=&#8220;4.22.1&#8243; text_font=&#8220;||||||||&#8220; ul_font=&#8220;||||||||&#8220; ol_font=&#8220;||||||||&#8220; quote_font=&#8220;||||||||&#8220; header_font=&#8220;||||||||&#8220; header_font_size=&#8220;26px&#8220; header_2_font=&#8220;|800|||||||&#8220; header_2_line_height=&#8220;1.2em&#8220; header_3_font=&#8220;||||||||&#8220; header_4_font=&#8220;|800||on|||||&#8220; header_4_font_size=&#8220;16px&#8220; header_4_letter_spacing=&#8220;0.5px&#8220; header_4_line_height=&#8220;1.7em&#8220; header_5_font=&#8220;||||||||&#8220; header_6_font=&#8220;||||||||&#8220; background_color=&#8220;#efefef&#8220; custom_margin=&#8220;0px||0px||false|false&#8220; padding_1_last_edited=&#8220;on|desktop&#8220; custom_padding=&#8220;30px|50px|30px|50px|true|true|20px|10%|20px|10%|true|true||on|desktop&#8220; custom_padding_tablet=&#8220;&#8220; custom_padding_phone=&#8220;20px|10%|20px|10%|true|true&#8220; custom_padding_last_edited=&#8220;on|phone&#8220; header_font_size_tablet=&#8220;24px&#8220; header_font_size_phone=&#8220;22px&#8220; header_font_size_last_edited=&#8220;on|phone&#8220; header_2_font_size_tablet=&#8220;24px&#8220; header_2_font_size_phone=&#8220;21px&#8220; header_2_font_size_last_edited=&#8220;on|phone&#8220; locked=&#8220;off&#8220; global_colors_info=&#8220;{}&#8220;]<\/p>\n<h1>Datenschutzbestimmungen<\/h1>\n<p>[\/et_pb_text][\/et_pb_column][\/et_pb_row][et_pb_row _builder_version=&#8220;4.22.1&#8243; width=&#8220;716px&#8220; width_tablet=&#8220;716px&#8220; width_phone=&#8220;716px&#8220; width_last_edited=&#8220;on|desktop&#8220; max_width=&#8220;100%&#8220; custom_margin=&#8220;0px||0px||false|false&#8220; custom_margin_last_edited=&#8220;off|desktop&#8220; custom_padding=&#8220;0px||0px||false|false&#8220; global_colors_info=&#8220;{}&#8220;][et_pb_column type=&#8220;4_4&#8243; _builder_version=&#8220;4.16&#8243; custom_padding=&#8220;0px||0px||false|false&#8220; custom_padding_tablet=&#8220;||0px||false|false&#8220; custom_padding_last_edited=&#8220;off|tablet&#8220; global_colors_info=&#8220;{}&#8220; custom_padding__hover=&#8220;|||&#8220;][et_pb_text _builder_version=&#8220;4.22.1&#8243; text_font=&#8220;Open Sans||||||||&#8220; header_font=&#8220;||||||||&#8220; header_2_font_size=&#8220;24px&#8220; header_3_font=&#8220;|800|||||||&#8220; header_3_text_color=&#8220;#f25b3a&#8220; header_3_font_size=&#8220;24px&#8220; header_3_line_height=&#8220;1.8em&#8220; custom_margin=&#8220;0px||0px||false|false&#8220; custom_margin_tablet=&#8220;||0px||false|false&#8220; custom_margin_phone=&#8220;0px||||false|false&#8220; custom_margin_last_edited=&#8220;on|phone&#8220; custom_padding=&#8220;0px||0px||false|false&#8220; header_2_font_size_tablet=&#8220;22px&#8220; header_2_font_size_phone=&#8220;20px&#8220; header_2_font_size_last_edited=&#8220;on|desktop&#8220; header_3_font_size_tablet=&#8220;&#8220; header_3_font_size_phone=&#8220;18px&#8220; header_3_font_size_last_edited=&#8220;on|phone&#8220; locked=&#8220;off&#8220; global_colors_info=&#8220;{}&#8220;]<\/p>\n<h2>1. Rechtliche Hinweise<\/h2>\n<p>Cr\u00e9a-Truck GmbH<br \/>Ried 4<br \/>3185 Schmitten<\/p>\n<p><a href=\"mailto:info@crea-truck.ch\">info@crea-truck.ch<\/a><br \/><a href=\"tel:0041797621087\">+41 79 762 10 87<\/a><\/p>\n<h2>2. Hosting<\/h2>\n<p>Die Website wird gehostet von der Firma :<\/p>\n<p>Infomaniak Network SA<br \/>Rue Eug\u00e8ne-Marziano 25<br \/>1227 Genf<\/p>\n<h2>3. Allgemeines<\/h2>\n<p>Das Unternehmen Cr\u00e9a-Truck S\u00e0rl unterh\u00e4lt seine Website und ergreift die notwendigen Ma\u00dfnahmen, um deren reibungslosen Betrieb zu gew\u00e4hrleisten.<\/p>\n<p>Sie beh\u00e4lt sich das Recht vor, den Inhalt ihrer Website jederzeit und ohne vorherige Ank\u00fcndigung ganz oder teilweise zu \u00e4ndern, zu l\u00f6schen oder die Verbreitung zeitweise einzustellen.<\/p>\n<p>Sie \u00fcbernimmt keine Haftung f\u00fcr direkte, indirekte oder Folgesch\u00e4den, die sich aus der Konsultation, der Nutzung oder der Unm\u00f6glichkeit des Zugriffs auf ihre Website ergeben k\u00f6nnten.<\/p>\n<h2>4. Links zu anderen Webseiten<\/h2>\n<p>Das Unternehmen Cr\u00e9a-Truck S\u00e0rl hat keinen Einfluss auf die Zielseiten, die \u00fcber externe Links zug\u00e4nglich sind und zu anderen Websites f\u00fchren. Sie lehnt jede Verantwortung f\u00fcr den Inhalt dieser Websites ab.<\/p>\n<h2>5. Geistiges Eigentum &amp; Urheberrecht<\/h2>\n<p>Der gesamte Inhalt dieser Website ist durch das Recht auf geistiges Eigentum und das Urheberrecht gesch\u00fctzt. Das Kopieren oder Verwenden der Inhalte dieser Website ist nur mit Zustimmung des Unternehmens Cr\u00e9a-Truck S\u00e0rl m\u00f6glich.<\/p>\n<h2>6. Schutz von Daten<\/h2>\n<p>Bei einem Besuch dieser Website werden keine pers\u00f6nlichen Daten gespeichert. Es werden lediglich nicht-personenbezogene Daten gespeichert.<\/p>\n<p>Auf dieser Website k\u00f6nnen personenbezogene Daten nur erhoben werden, um die vom Nutzer gew\u00fcnschten Leistungen zu erbringen (z. B. Nutzung eines Chats, Fragen per E-Mail, Anmeldung f\u00fcr einen Newsletter, Nutzung eines Kontaktformulars usw.). Diese Daten werden nur zu diesem Zweck verwendet und nicht an Dritte weitergegeben.<\/p>\n<h2>7. Google Analytics<\/h2>\n<p>Diese Website benutzt Google Analytics, einen Webanalysedienst der Google Inc. (&#8222;Google&#8220;). Google Analytics verwendet Cookies, d. h. Textdateien, die auf Ihrem Computer abgelegt werden, um der Website dabei zu helfen, die Nutzung der Website durch ihre Nutzer zu analysieren. Die von den Cookies erzeugten Daten \u00fcber Ihre Nutzung der Website (einschlie\u00dflich Ihrer IP-Adresse) werden von Google an Server in den USA weitergeleitet und dort gespeichert.<\/p>\n<p>Google wird diese Informationen benutzen, um Ihre Nutzung der Website auszuwerten, um Berichte \u00fcber die Website-Aktivit\u00e4ten f\u00fcr den Herausgeber zusammenzustellen und um weitere Dienstleistungen im Zusammenhang mit der Website-Aktivit\u00e4t und der Internetnutzung zu erbringen. Google kann diese Daten an Dritte weitergeben, wenn dies gesetzlich vorgeschrieben ist oder wenn diese Dritten die Daten im Auftrag von Google verarbeiten, einschlie\u00dflich insbesondere des Herausgebers dieser Website.<\/p>\n<p>Sie k\u00f6nnen die Verwendung von Cookies deaktivieren, indem Sie die entsprechenden Einstellungen in Ihrem Browser w\u00e4hlen. Eine solche Deaktivierung kann jedoch dazu f\u00fchren, dass Sie bestimmte Funktionen dieser Website nicht nutzen k\u00f6nnen. Durch die Nutzung dieser Website erkl\u00e4ren Sie sich mit der Bearbeitung der \u00fcber Sie erhobenen Daten durch Google in der zuvor beschriebenen Art und Weise und zu dem zuvor benannten Zweck einverstanden.<\/p>\n<h2>8. Cookies<\/h2>\n<p>Diese Website verwendet Tracking-Tools (Cookies und gleichwertige Technologien), um die Nutzererfahrung zu verbessern.<\/p>\n<p>Diese Tools speichern bestimmte Informationen und Daten, die bei der Interaktion mit der Internetseite von Ihrem Browser aus \u00fcbermittelt werden. Dazu geh\u00f6ren die zuvor besuchte Seite oder Internetseite, die H\u00e4ufigkeit der Besuche, die geografische Region und das Medium des Nutzers sowie, sofern er sie zug\u00e4nglich gemacht hat, sein Alter, Geschlecht etc.<\/p>\n<p>Diese Informationen erm\u00f6glichen es, die Nutzung der Website zu bewerten, die durch die Nutzung der Website und des Internets im Allgemeinen zug\u00e4nglichen Dienste bereitzustellen und durch Personalisierung zu verbessern sowie auch die Anzeige und die Werbema\u00dfnahmen f\u00fcr die Nutzer, insbesondere f\u00fcr die Kunden, zu personalisieren. Diese Form der Werbung wird v\u00f6llig anonym durchgef\u00fchrt.<\/p>\n<p>Sie k\u00f6nnen diese Option deaktivieren, indem Sie die entsprechenden Einstellungen in Ihrem Browser w\u00e4hlen. Eine solche Deaktivierung k\u00f6nnte jedoch die vollst\u00e4ndige Nutzung bestimmter Funktionen dieser Website verhindern.<\/p>\n<p>[\/et_pb_text][\/et_pb_column][\/et_pb_row][\/et_pb_section]<\/p>\n","protected":false},"excerpt":{"rendered":"<p>Datenschutzbestimmungen1. Rechtliche Hinweise Cr\u00e9a-Truck GmbHRied 43185 Schmitten info@crea-truck.ch+41 79 762 10 87 2. Hosting Die Website wird gehostet von der Firma : Infomaniak Network SARue Eug\u00e8ne-Marziano 251227 Genf 3. Allgemeines Das Unternehmen Cr\u00e9a-Truck S\u00e0rl unterh\u00e4lt seine Website und ergreift die notwendigen Ma\u00dfnahmen, um deren reibungslosen Betrieb zu gew\u00e4hrleisten. Sie beh\u00e4lt sich das Recht vor, den [&hellip;]<\/p>\n","protected":false},"author":1,"featured_media":0,"parent":0,"menu_order":0,"comment_status":"closed","ping_status":"closed","template":"","meta":{"_et_pb_use_builder":"on","_et_pb_old_content":"","_et_gb_content_width":"","footnotes":""},"class_list":["post-30931","page","type-page","status-publish","hentry"],"_links":{"self":[{"href":"https:\/\/crea-truck.ch\/de\/wp-json\/wp\/v2\/pages\/30931","targetHints":{"allow":["GET"]}}],"collection":[{"href":"https:\/\/crea-truck.ch\/de\/wp-json\/wp\/v2\/pages"}],"about":[{"href":"https:\/\/crea-truck.ch\/de\/wp-json\/wp\/v2\/types\/page"}],"author":[{"embeddable":true,"href":"https:\/\/crea-truck.ch\/de\/wp-json\/wp\/v2\/users\/1"}],"replies":[{"embeddable":true,"href":"https:\/\/crea-truck.ch\/de\/wp-json\/wp\/v2\/comments?post=30931"}],"version-history":[{"count":6,"href":"https:\/\/crea-truck.ch\/de\/wp-json\/wp\/v2\/pages\/30931\/revisions"}],"predecessor-version":[{"id":30937,"href":"https:\/\/crea-truck.ch\/de\/wp-json\/wp\/v2\/pages\/30931\/revisions\/30937"}],"wp:attachment":[{"href":"https:\/\/crea-truck.ch\/de\/wp-json\/wp\/v2\/media?parent=30931"}],"curies":[{"name":"wp","href":"https:\/\/api.w.org\/{rel}","templated":true}]}}